{"id":26255,"date":"2025-02-28T10:37:16","date_gmt":"2025-02-28T10:37:16","guid":{"rendered":"https:\/\/missionnairesmontfortains.fr\/sitevaovao\/?page_id=26255"},"modified":"2025-02-28T10:41:25","modified_gmt":"2025-02-28T10:41:25","slug":"protection-des-mineurs-et-personnes-vulnerables-lutte-contre-les-abus","status":"publish","type":"page","link":"https:\/\/missionnairesmontfortains.fr\/sitevaovao\/protection-des-mineurs-et-personnes-vulnerables-lutte-contre-les-abus\/","title":{"rendered":"Protection des mineurs et personnes vuln\u00e9rables.  Lutte contre les abus."},"content":{"rendered":"\t\t<div data-elementor-type=\"wp-page\" data-elementor-id=\"26255\" class=\"elementor elementor-26255\">\n\t\t\t\t<div class=\"elementor-element elementor-element-33f96e32 e-flex e-con-boxed e-con e-parent\" data-id=\"33f96e32\" data-element_type=\"container\" data-e-type=\"container\">\n\t\t\t\t\t<div class=\"e-con-inner\">\n\t\t\t\t<div class=\"elementor-element elementor-element-5a2a30a elementor-widget elementor-widget-text-editor\" data-id=\"5a2a30a\" data-element_type=\"widget\" data-e-type=\"widget\" data-widget_type=\"text-editor.default\">\n\t\t\t\t<div class=\"elementor-widget-container\">\n\t\t\t\t\t\t\t\t\t\n<p>La Congr\u00e9gation des Missionnaires Montfortains de la Vice-Province de France s&rsquo;engage \u00e0 combattre toute forme de maltraitance physique, psychologique et morale, que ce soit dans le cadre de leur minist\u00e8re ou en dehors, en particulier en ce qui concerne les abus sexuels sur des mineurs ou des adultes vuln\u00e9rables.<\/p>\n<p>La Congr\u00e9gation adh\u00e8re strictement \u00e0 la l\u00e9gislation fran\u00e7aise, au droit canonique, ainsi qu&rsquo;aux d\u00e9cisions de la Conf\u00e9rence des \u00c9v\u00eaques de France et du Saint-Si\u00e8ge. Elle souligne l&rsquo;importance du document de la Conf\u00e9rence des \u00c9v\u00eaques de France intitul\u00e9 \u00ab\u00a0Lutter contre la p\u00e9dophilie\u00a0\u00bb, mis \u00e0 jour par la d\u00e9claration du Conseil permanent de l&rsquo;\u00e9piscopat du 12 avril 2016. Elle recommande de consulter le site cr\u00e9\u00e9 par la Conf\u00e9rence des \u00c9v\u00eaques de France pour se rep\u00e9rer et agir face \u00e0 la p\u00e9dophilie : luttercontrelapedophilie.catholique.fr.<\/p>\n<p>Si vous avez un t\u00e9moignage ou un signalement concernant un abus ou un comportement inappropri\u00e9 commis par un missionnaire montfortain, nous vous invitons \u00e0 nous en informer via le formulaire de contact suivant.<\/p>\n<p>Nous vous encourageons \u00e9galement \u00e0 signaler ces faits \u00e0 la justice. En cas d&rsquo;agressions sexuelles sur des mineurs ou des personnes vuln\u00e9rables, un signalement doit \u00eatre fait soit dans une gendarmerie, soit directement aupr\u00e8s du Procureur de la R\u00e9publique<\/p>\n<p>\u00a0<\/p>\n\n<p>\u00a0<\/p>\n\t\t\t\t\t\t\t\t<\/div>\n\t\t\t\t<\/div>\n\t\t\t\t\t<\/div>\n\t\t\t\t<\/div>\n\t\t\t\t<\/div>\n\t\t","protected":false},"excerpt":{"rendered":"<p>La Congr\u00e9gation des Missionnaires Montfortains de la Vice-Province de France s&rsquo;engage \u00e0 combattre toute forme de maltraitance physique, psychologique et morale, que ce soit dans le cadre de leur minist\u00e8re ou en dehors, en particulier en ce qui concerne les abus sexuels sur des mineurs ou des adultes vuln\u00e9rables. La Congr\u00e9gation adh\u00e8re strictement \u00e0 la [&hellip;]<\/p>\n","protected":false},"author":1,"featured_media":0,"parent":0,"menu_order":0,"comment_status":"closed","ping_status":"closed","template":"","meta":{"content-type":"","_uag_custom_page_level_css":"","site-sidebar-layout":"default","site-content-layout":"","ast-site-content-layout":"default","site-content-style":"default","site-sidebar-style":"default","ast-global-header-display":"","ast-banner-title-visibility":"","ast-main-header-display":"","ast-hfb-above-header-display":"","ast-hfb-below-header-display":"","ast-hfb-mobile-header-display":"","site-post-title":"","ast-breadcrumbs-content":"","ast-featured-img":"","footer-sml-layout":"","theme-transparent-header-meta":"","adv-header-id-meta":"","stick-header-meta":"","header-above-stick-meta":"","header-main-stick-meta":"","header-below-stick-meta":"","astra-migrate-meta-layouts":"default","ast-page-background-enabled":"default","ast-page-background-meta":{"desktop":{"background-color":"","background-image":"","background-repeat":"repeat","background-position":"center center","background-size":"auto","background-attachment":"scroll","background-type":"","background-media":"","overlay-type":"","overlay-color":"","overlay-opacity":"","overlay-gradient":""},"tablet":{"background-color":"","background-image":"","background-repeat":"repeat","background-position":"center center","background-size":"auto","background-attachment":"scroll","background-type":"","background-media":"","overlay-type":"","overlay-color":"","overlay-opacity":"","overlay-gradient":""},"mobile":{"background-color":"","background-image":"","background-repeat":"repeat","background-position":"center center","background-size":"auto","background-attachment":"scroll","background-type":"","background-media":"","overlay-type":"","overlay-color":"","overlay-opacity":"","overlay-gradient":""}},"ast-content-background-meta":{"desktop":{"background-color":"var(--ast-global-color-5)","background-image":"","background-repeat":"repeat","background-position":"center center","background-size":"auto","background-attachment":"scroll","background-type":"","background-media":"","overlay-type":"","overlay-color":"","overlay-opacity":"","overlay-gradient":""},"tablet":{"background-color":"var(--ast-global-color-5)","background-image":"","background-repeat":"repeat","background-position":"center center","background-size":"auto","background-attachment":"scroll","background-type":"","background-media":"","overlay-type":"","overlay-color":"","overlay-opacity":"","overlay-gradient":""},"mobile":{"background-color":"var(--ast-global-color-5)","background-image":"","background-repeat":"repeat","background-position":"center center","background-size":"auto","background-attachment":"scroll","background-type":"","background-media":"","overlay-type":"","overlay-color":"","overlay-opacity":"","overlay-gradient":""}},"footnotes":""},"class_list":["post-26255","page","type-page","status-publish","hentry"],"uagb_featured_image_src":{"full":false,"thumbnail":false,"medium":false,"medium_large":false,"large":false,"1536x1536":false,"2048x2048":false},"uagb_author_info":{"display_name":"olivier","author_link":""},"uagb_comment_info":0,"uagb_excerpt":"La Congr\u00e9gation des Missionnaires Montfortains de la Vice-Province de France s&rsquo;engage \u00e0 combattre toute forme de maltraitance physique, psychologique et morale, que ce soit dans le cadre de leur minist\u00e8re ou en dehors, en particulier en ce qui concerne les abus sexuels sur des mineurs ou des adultes vuln\u00e9rables. La Congr\u00e9gation adh\u00e8re strictement \u00e0 la\u2026","_links":{"self":[{"href":"https:\/\/missionnairesmontfortains.fr\/sitevaovao\/wp-json\/wp\/v2\/pages\/26255","targetHints":{"allow":["GET"]}}],"collection":[{"href":"https:\/\/missionnairesmontfortains.fr\/sitevaovao\/wp-json\/wp\/v2\/pages"}],"about":[{"href":"https:\/\/missionnairesmontfortains.fr\/sitevaovao\/wp-json\/wp\/v2\/types\/page"}],"author":[{"embeddable":true,"href":"https:\/\/missionnairesmontfortains.fr\/sitevaovao\/wp-json\/wp\/v2\/users\/1"}],"replies":[{"embeddable":true,"href":"https:\/\/missionnairesmontfortains.fr\/sitevaovao\/wp-json\/wp\/v2\/comments?post=26255"}],"version-history":[{"count":0,"href":"https:\/\/missionnairesmontfortains.fr\/sitevaovao\/wp-json\/wp\/v2\/pages\/26255\/revisions"}],"wp:attachment":[{"href":"https:\/\/missionnairesmontfortains.fr\/sitevaovao\/wp-json\/wp\/v2\/media?parent=26255"}],"curies":[{"name":"wp","href":"https:\/\/api.w.org\/{rel}","templated":true}]}}