{"id":25737,"date":"2025-01-15T15:58:44","date_gmt":"2025-01-15T15:58:44","guid":{"rendered":"https:\/\/missionnairesmontfortains.fr\/sitevaovao\/?page_id=25737"},"modified":"2025-01-15T16:17:49","modified_gmt":"2025-01-15T16:17:49","slug":"les-hauts-lieux-montfortains","status":"publish","type":"page","link":"https:\/\/missionnairesmontfortains.fr\/sitevaovao\/les-hauts-lieux-montfortains\/","title":{"rendered":"Les Hauts Lieux Montfortains"},"content":{"rendered":"\t\t<div data-elementor-type=\"wp-page\" data-elementor-id=\"25737\" class=\"elementor elementor-25737\">\n\t\t\t\t<div class=\"elementor-element elementor-element-26cce54f e-con-full e-flex e-con e-parent\" data-id=\"26cce54f\" data-element_type=\"container\" data-e-type=\"container\">\n\t\t\t\t<div class=\"elementor-element elementor-element-6ed933d6 elementor-widget elementor-widget-text-editor\" data-id=\"6ed933d6\" data-element_type=\"widget\" data-e-type=\"widget\" data-widget_type=\"text-editor.default\">\n\t\t\t\t<div class=\"elementor-widget-container\">\n\t\t\t\t\t\t\t\t\t\n<p>\u00a0<\/p>\n\n<ul class=\"wp-block-list\">\n<li>Histoire du Calvaire de Pontchateau<\/li>\n<\/ul>\n\n<p>En guise de pr\u00e9ambule \u00e0 l&rsquo;\u00e9tonnante histoire du Calvaire de Pont-Ch\u00e2teau,<\/p>\n\n<p>il est bon de rapporter une tradition orale transmise de g\u00e9n\u00e9rations en<\/p>\n\n<p>g\u00e9n\u00e9rations.<\/p>\n\n<p>Un jour, le 31 janvier 1673, il s&rsquo;est pass\u00e9 quelque chose en ce lieu. Des<\/p>\n\n<p>croix lumineuses, environn\u00e9es d&rsquo;\u00e9tendards sont apparues dans le ciel, un<\/p>\n\n<p>bruit terrible a \u00e9t\u00e9 entendu. Les troupeaux qui paissaient sur la lande se<\/p>\n\n<p>sont enfuis, \u00e9pouvant\u00e9s. Une heure durant, des chants c\u00e9lestes ont jet\u00e9<\/p>\n\n<p>l&rsquo;\u00e9tonnement et le myst\u00e8re dans les m\u00e9tairies voisines&#8230; Ce jour-l\u00e0<\/p>\n\n<p>naissait \u00e0 Montfort-la-Canne, aujourd&rsquo;hui Montfort-sur-Meu, celui que<\/p>\n\n<p>l&rsquo;\u00c9glise appelle du beau nom de H\u00e9rault de la Croix, Louis-Marie Grignion<\/p>\n\n<p>de Montfort, que le peuple se plaira \u00e0 appeler \u00ab le bon P\u00e8re de Montfort \u00bb<\/p>\n\n<p>Tout a commenc\u00e9 le 1er mai 1709, sous le r\u00e8gne de Louis XIV.<\/p>\n\n<p>\u00c0 la fin de la mission qu&rsquo;il venait de donner \u00e0 Pont-Ch\u00e2teau, le P\u00e8re de<\/p>\n\n<p>Montfort &#8211; il avait 36 ans &#8211; proposa \u00e0 la paroisse enthousiasm\u00e9e un<\/p>\n\n<p>contrat d&rsquo;Alliance et l&rsquo;\u00e9tablissement d&rsquo;un Calvaire monumental. Cette id\u00e9e<\/p>\n\n<p>de construire un calvaire grandiose, Montfort l&rsquo;avait en t\u00eate depuis<\/p>\n\n<p>longtemps. Il avait d&rsquo;ailleurs dans ses \u00ab bagages \u00bb de missionnaire un<\/p>\n\n<p>magnifique Christ de 2 m\u00e8tres.<\/p>\n\n<p>\u00a0L&#8217;emplacement qui fut choisi en d\u00e9finitive se situait sur la lande de la<\/p>\n\n<p>Madeleine, l\u00e0 o\u00f9 se trouvait jadis la l\u00e9proserie du Pont (ainsi se nommait<\/p>\n\n<p>Pont-Ch\u00e2teau avant la R\u00e9volution).<\/p>\n\n<p>Dans certains \u00e9crits, il est not\u00e9 que Montfort avait pens\u00e9 construire son<\/p>\n\n<p>Calvaire \u00e0 Sainte Reine de Bretagne. On peut imaginer que les premiers<\/p>\n\n<p>coups de pioche furent donn\u00e9s dans ce qui n&rsquo;\u00e9tait alors qu&rsquo;un petit village.<\/p>\n\n<p>Il faut ici relater une jolie l\u00e9gende qui raconte que d\u00e8s que le monticule de<\/p>\n\n<p>terre commen\u00e7a \u00e0 s&rsquo;\u00e9lever, les b\u00e9n\u00e9voles remarqu\u00e8rent que r\u00e9guli\u00e8rement<\/p>\n\n<p>deux petites colombes venaient pr\u00e9lever de la terre dans leur bec.<\/p>\n\n<p>\u00c9tonn\u00e9s par ce va et vient des volatiles, ils suivirent leur trajet et<\/p>\n\n<p>s&rsquo;aper\u00e7urent avec stup\u00e9faction qu&rsquo;elles d\u00e9posaient m\u00e9ticuleusement leur<\/p>\n\n<p>pr\u00e9cieuse bect\u00e9e sur la lande de la Madeleine. Montfort vit l\u00e0 un signe de<\/p>\n\n<p>la Providence et d\u00e9cida que son projet se r\u00e9aliserait \u00e0 cet endroit.<\/p>\n\n<p>\u00ab Faisons un calvaire ici, faisons un calvaire !\u00bb<\/p>\n\n<p>Quoiqu&rsquo;il en soit, d&rsquo;octobre 1709 \u00e0 septembre 1710, des milliers de<\/p>\n\t\t\t\t\t\t\t\t<\/div>\n\t\t\t\t<\/div>\n\t\t\t\t<\/div>\n\t\t\t\t<\/div>\n\t\t","protected":false},"excerpt":{"rendered":"<p>&nbsp; En guise de pr\u00e9ambule \u00e0 l&rsquo;\u00e9tonnante histoire du Calvaire de Pont-Ch\u00e2teau, il est bon de rapporter une tradition orale transmise de g\u00e9n\u00e9rations en g\u00e9n\u00e9rations. Un jour, le 31 janvier 1673, il s&rsquo;est pass\u00e9 quelque chose en ce lieu. Des croix lumineuses, environn\u00e9es d&rsquo;\u00e9tendards sont apparues dans le ciel, un bruit terrible a \u00e9t\u00e9 entendu. [&hellip;]<\/p>\n","protected":false},"author":1,"featured_media":0,"parent":0,"menu_order":0,"comment_status":"closed","ping_status":"closed","template":"elementor_header_footer","meta":{"content-type":"","_uag_custom_page_level_css":"","site-sidebar-layout":"default","site-content-layout":"","ast-site-content-layout":"default","site-content-style":"default","site-sidebar-style":"default","ast-global-header-display":"","ast-banner-title-visibility":"","ast-main-header-display":"","ast-hfb-above-header-display":"","ast-hfb-below-header-display":"","ast-hfb-mobile-header-display":"","site-post-title":"","ast-breadcrumbs-content":"","ast-featured-img":"","footer-sml-layout":"","theme-transparent-header-meta":"","adv-header-id-meta":"","stick-header-meta":"","header-above-stick-meta":"","header-main-stick-meta":"","header-below-stick-meta":"","astra-migrate-meta-layouts":"default","ast-page-background-enabled":"default","ast-page-background-meta":{"desktop":{"background-color":"","background-image":"","background-repeat":"repeat","background-position":"center center","background-size":"auto","background-attachment":"scroll","background-type":"","background-media":"","overlay-type":"","overlay-color":"","overlay-opacity":"","overlay-gradient":""},"tablet":{"background-color":"","background-image":"","background-repeat":"repeat","background-position":"center center","background-size":"auto","background-attachment":"scroll","background-type":"","background-media":"","overlay-type":"","overlay-color":"","overlay-opacity":"","overlay-gradient":""},"mobile":{"background-color":"","background-image":"","background-repeat":"repeat","background-position":"center center","background-size":"auto","background-attachment":"scroll","background-type":"","background-media":"","overlay-type":"","overlay-color":"","overlay-opacity":"","overlay-gradient":""}},"ast-content-background-meta":{"desktop":{"background-color":"var(--ast-global-color-5)","background-image":"","background-repeat":"repeat","background-position":"center center","background-size":"auto","background-attachment":"scroll","background-type":"","background-media":"","overlay-type":"","overlay-color":"","overlay-opacity":"","overlay-gradient":""},"tablet":{"background-color":"var(--ast-global-color-5)","background-image":"","background-repeat":"repeat","background-position":"center center","background-size":"auto","background-attachment":"scroll","background-type":"","background-media":"","overlay-type":"","overlay-color":"","overlay-opacity":"","overlay-gradient":""},"mobile":{"background-color":"var(--ast-global-color-5)","background-image":"","background-repeat":"repeat","background-position":"center center","background-size":"auto","background-attachment":"scroll","background-type":"","background-media":"","overlay-type":"","overlay-color":"","overlay-opacity":"","overlay-gradient":""}},"footnotes":""},"class_list":["post-25737","page","type-page","status-publish","hentry"],"uagb_featured_image_src":{"full":false,"thumbnail":false,"medium":false,"medium_large":false,"large":false,"1536x1536":false,"2048x2048":false},"uagb_author_info":{"display_name":"olivier","author_link":""},"uagb_comment_info":0,"uagb_excerpt":"&nbsp; En guise de pr\u00e9ambule \u00e0 l&rsquo;\u00e9tonnante histoire du Calvaire de Pont-Ch\u00e2teau, il est bon de rapporter une tradition orale transmise de g\u00e9n\u00e9rations en g\u00e9n\u00e9rations. Un jour, le 31 janvier 1673, il s&rsquo;est pass\u00e9 quelque chose en ce lieu. Des croix lumineuses, environn\u00e9es d&rsquo;\u00e9tendards sont apparues dans le ciel, un bruit terrible a \u00e9t\u00e9 entendu.\u2026","_links":{"self":[{"href":"https:\/\/missionnairesmontfortains.fr\/sitevaovao\/wp-json\/wp\/v2\/pages\/25737","targetHints":{"allow":["GET"]}}],"collection":[{"href":"https:\/\/missionnairesmontfortains.fr\/sitevaovao\/wp-json\/wp\/v2\/pages"}],"about":[{"href":"https:\/\/missionnairesmontfortains.fr\/sitevaovao\/wp-json\/wp\/v2\/types\/page"}],"author":[{"embeddable":true,"href":"https:\/\/missionnairesmontfortains.fr\/sitevaovao\/wp-json\/wp\/v2\/users\/1"}],"replies":[{"embeddable":true,"href":"https:\/\/missionnairesmontfortains.fr\/sitevaovao\/wp-json\/wp\/v2\/comments?post=25737"}],"version-history":[{"count":0,"href":"https:\/\/missionnairesmontfortains.fr\/sitevaovao\/wp-json\/wp\/v2\/pages\/25737\/revisions"}],"wp:attachment":[{"href":"https:\/\/missionnairesmontfortains.fr\/sitevaovao\/wp-json\/wp\/v2\/media?parent=25737"}],"curies":[{"name":"wp","href":"https:\/\/api.w.org\/{rel}","templated":true}]}}